{"id":1498,"date":"2022-08-26T13:47:09","date_gmt":"2022-08-26T11:47:09","guid":{"rendered":"https:\/\/sigma.distrettoalpiorientali.it\/portal\/?page_id=1498"},"modified":"2022-11-18T13:49:42","modified_gmt":"2022-11-18T12:49:42","slug":"aqua3s-2","status":"publish","type":"page","link":"https:\/\/sigma.distrettoalpiorientali.it\/portal\/index.php\/porta-tematici\/europrogettazione-2\/aqua3s-2\/","title":{"rendered":"Aqua3S"},"content":{"rendered":"\n\n\t\t\t\t\n        <section class=\"mt-4 mb-3 image-content italiawp2-img alignnone\">\n            <figure class=\"m-0 p-3 u-background-grey-60\">\n                <img src=\"http:\/\/sigma.distrettoalpiorientali.it\/portal\/wp-content\/uploads\/2022\/08\/aqua3s.png\" class=\"u-sizeFull\" alt=\"\">\n                <figcaption>\n                    <p>aqua3s<\/p>\n                <\/figcaption>\n            <\/figure><\/section>\n\t<p><strong>Enhancing Standardisation strategies to integrate innovative technologies for Safety and Security in existing water networks<\/strong><\/p>\n\t<p>Il progetto, iniziato il 1 settembre 2019 e finanziato nell'ambito del Programma Quadro Europeo Horizon 2020 (Call: H2020-SU-SEC-2018, Topic SU-DRS03-2018-2019-2020 - Pre-normative research and demonstration for disaster-resilient societies), coinvolge importanti centri di ricerca, istituti internazionali, partner tecnologici e soggetti istituzionali\/privati competenti in materia di gestione delle risorse idriche, interessati a definire innovative strategie di standardizzazione per integrare nelle reti idriche esistenti tecnologie innovative che migliorino la \"<strong>water security<\/strong>\" della risorsa idrica.<\/p>\n\t\t\t\t\n        <section class=\"mt-4 mb-3 image-content italiawp2-img alignnone\">\n            <figure class=\"m-0 p-3 u-background-grey-60\">\n                <img src=\"http:\/\/sigma.distrettoalpiorientali.it\/portal\/wp-content\/uploads\/2022\/08\/water_security.png\" class=\"u-sizeFull\" alt=\"\">\n                <figcaption>\n                    <p>water_security<\/p>\n                <\/figcaption>\n            <\/figure><\/section>\n\t\t\t\t\n        <section class=\"mt-4 mb-3 image-content italiawp2-img alignnone\">\n            <figure class=\"m-0 p-3 u-background-grey-60\">\n                <img src=\"http:\/\/sigma.distrettoalpiorientali.it\/portal\/wp-content\/uploads\/2022\/08\/partner-aqua.png\" class=\"u-sizeFull\" alt=\"\">\n                <figcaption>\n                    <p>partner aqua<\/p>\n                <\/figcaption>\n            <\/figure><\/section>\n\t<p>Il termine chiave dell'interno progetto \u00e8 il proprio il concetto di water security, ossia la sicurezza della risorsa idrica, intesa in senso esteso, secondo la definizione delle Nazioni Unite (UN Water, 2013), come la capacit\u00e0 della popolazione di <strong>salvaguardare l'accesso sostenibile alla risorsa idrica<\/strong> per poter disporre di adeguate quantit\u00e0 d'acqua qualitativamente idonea a sostenere la salute ed il sostentamento umano, nonch\u00e9 lo sviluppo socio economico, garantendone inoltre la <strong>protezione contro inquinamento<\/strong> ed altri disastri legati all'acqua, nonch\u00e9 la <strong>salvaguardia dell'ecosistema<\/strong> in un clima di pace e stabilit\u00e0 politica.<\/p>\nDa questa definizione \u00e8 chiaro come il concetto \"water security\", e quindi le tematiche del progetto aqua3S, sia direttamente connesso con la disponibilit\u00e0 della risorsa idrica, il suo libero accesso da parte di tutti i cittadini, la sua tua tutela qualitativa e quantitativa contro fattori avversi, sia naturali che antropici, che ne possono alterare la qualit\u00e0 e disponibilit\u00e0.<br \/>\nIl progetto aqua3S quindi si pone come obiettivo quello di fornire uno strumento in grado migliorare la risposta dei sistemi di approvvigionamento idrico verso questi fattori avversi che possono minare la water security, in primis elementi come cambiamenti climatici, eventi metereologici estremi (alluvioni e siccit\u00e0), fenomeni di contaminazione della risorsa idrica etc.\n\t<p>Il progetto aqua3S combina nuove tecnologie in materia di sicurezza e protezione dell'acqua, nonch\u00e9 meccanismi di rilevamento all'avanguardia per definire nuovi standard da integrare alle tecnologie di sensori esistenti nelle reti di approvvigionamento e distribuzione: da un lato l'installazione di sensori innovativi prodotti dal Consorzio, ad integrazione della sensoristica attualmente presente lungo le reti e le fonti di approvvigionamento idrico che compongono i casi applicativi (o <em>pilot scenario<\/em>) del progetto; dall'altro lato l'integrazione delle misurazioni dei sensori con informazioni provenienti da video di droni, immagini satellitari e osservazioni sui social media dei cittadini, creando anche consapevolezza sociale e trasferimento della conoscenza interattiva.<\/p>\n\t\t\t\t\n        <section class=\"mt-4 mb-3 image-content italiawp2-img alignnone\">\n            <figure class=\"m-0 p-3 u-background-grey-60\">\n                <img src=\"http:\/\/sigma.distrettoalpiorientali.it\/portal\/wp-content\/uploads\/2022\/08\/ScreenHunter_1575-Aug.-29-09.20.jpg\" class=\"u-sizeFull\" alt=\"\">\n                <figcaption>\n                    <p>ScreenHunter_1575 Aug. 29 09.20<\/p>\n                <\/figcaption>\n            <\/figure><\/section>\n\t<p>Tutti i dati ottenuti sia dalle reti di sensori di aqua3S, sia dall'infrastruttura esistente delle reti di servizi, sia quelli provenienti da altre fonti (quali social media o immagini satellitari) vengono tutti integrati in un'unica<strong> piattaforma tecnologica integrata<\/strong>, in grado di elaborare innovativi algoritmi di rilevamento delle minacce, tecniche di fusione multimodale di alto livello e learning machine. I risultati elaborati vengono poi presentati agli utenti in un'interfaccia unica, tramite tecniche di visualizzazione avanzata. La piattaforma stessa \u00e8 dotata delle pi\u00f9 avanzate tecniche di sicurezza informatica per la protezione da cyber attacchi, a cui i sistemi tradizionali di sensoristica sulle reti di approvvigionamento idrico sono particolarmente vulnerabili, con potenziali conseguenze catastrofiche per i consumatori.<\/p>\nMa il progetto non si esaurisce nello sviluppo e applicazione di queste tecnologie. Come previsto infatti dalla call \"SU-DRS03_2018-2019-2020 Pre-normative research and demonstration for disaster-resilient societies\", altri due obiettivi strategici sono:<br \/>\n- la sottoscrizione di un 'white paper' per migliorare le politiche comunitarie in merito alle tematiche della water security e alla digitalizzazione delle tecnologie del settore idrico, partendo da un'analisi delle criticit\u00e0 esistenti nella normativa Europa attuale e dalla presa consapevolezza delle necessit\u00e0 di tutti i soggetti coinvolti in queste tematiche. Questo obiettivo ambizioso coinvolge non solo aqua3S, ma anche alcuni suoi progetti 'fratelli' afferenti al cluster 'DigitalWater2020', e ha portato alla pubblicazione sul Portale della Commissione Europea del documento di policy brief: \"<a href=\"https:\/\/op.europa.eu\/en\/publication-detail\/-\/publication\/6eb837b2-54df-11ed-92ed-01aa75ed71a1\">Digitalisation in the water sector recommendations for policy developments at EU Level<\/a>\";<br \/>\n- la definizione di nuovi standard a livello europeo in merito alla sicurezza delle reti di approvvigionamento idrico e per la gestione di scenari emergenziali. Per questo motivo, il Consorzio aqua3S punta a sottomettere i risultati finali del progetto a comitati europei di standardizzazione, come ad esempio il CEN TC 164, nonch\u00e9 a coinvolgere attivamente gli enti nazionali di standardizzazione degli Stati rappresentati dal Consorzio aqua3S.\n<p>Il progetto, ormai in avanzato stadio di sviluppo (conclusione prevista il 31 dicembre 2022), sta lavorando allo sviluppo del suo terzo prototipo della piattaforma, dove un ruolo importante viene dato all'integrazione in real time delle reti sensoristiche esistenti e delle mappe di pericolosit\u00e0 e rischio alluvioni tratte dal Piano di Gestione del Rischio alluvioni del nostro Distretto.<\/p>\n<p>In particolare, la piattaforma include anche un avanzato algoritmo di individuazione di allagamenti da immagini satellitari, stima delle principali variabili idrauliche correlate e calcolo del corrispondente livello di pericolosit\u00e0 e rischio sulla base dei criteri definiti nel PGRA. Come esito di questo processo, la piattaforma \u00e8 in grado di fornire agli utenti una <strong>mappatura dinamica della pericolosit\u00e0 e del rischio idraulico<\/strong> al verificarsi di un evento avverso.<\/p>\n\t\t\t\t\n        <section class=\"mt-4 mb-3 image-content italiawp2-img alignnone\">\n            <figure class=\"m-0 p-3 u-background-grey-60\">\n                <img src=\"http:\/\/sigma.distrettoalpiorientali.it\/portal\/wp-content\/uploads\/2022\/08\/ScreenHunter_1577-Aug.-29-09.35.jpg\" class=\"u-sizeFull\" alt=\"\">\n                <figcaption>\n                    <p>ScreenHunter_1577 Aug. 29 09.35<\/p>\n                <\/figcaption>\n            <\/figure><\/section>\n\t<p>Nell'ambito delle attivit\u00e0 di progetto questo algoritmo \u00e8 stato applicato all'ultimo tratto di valle del Fiume Isonzo (alluvioni fluviali) e alle zone costiere dei comuni di Muggia e Trieste (Alluvioni Marine), all'interno del caso studio Italiano.<\/p>\nQuest'ultimo si focalizza sull'approvvigionamento idrico della citt\u00e0 di Trieste e ha visto la sinergia e collaborazione di tutti e tre i partner responsabili del pilot: autorit\u00e0 di bacino, AcegasApsAmga S.p.a (gestori del Servizio Idrico per la Citt\u00e0 Di Trieste) e l'azienda unit\u00e0 locale socio sanitaria n.2 (ULSS 2).<br \/>\nI tre partner italiani del progetto hanno attivamente collaborato per testare i diversi prototipi della piattaforma in diverse occasioni, tra le quali si ricorda il test finale del primo prototipo, tenutosi in remoto (causa restrizioni legate al COVID-19) il 3 novembre 2020 e quello sul campo, per la validazione del secondo prototipo, tenutosi a Trieste e Duino il 20 Maggio 2022.\n<p>In queste occasioni, la piattaforma aqua3S \u00e8 stata testata per far fronte a scenari emergenziali come il malfunzionamento dei sistemi elettrici dei pozzi di approvvigionamento a San Pier d'Isonzo in seguito ad una piena del Fiume Isonzo, la contaminazione di origine transfrontaliera del fiume Timavo e il danneggiamento di alcune importanti condotte di distribuzione dell'acquedotto di Trieste in conseguenza dell'alta marea.<\/p>\n\tPer ulteriori approfondimenti relativi al progetto:<br \/>\n<strong>Sito web\u00a0<\/strong> <a href=\"https:\/\/aqua3s.eu\/\">aqua3s.eu<\/a><br \/>\n<strong>linkedin<\/strong> <a href=\"https:\/\/www.linkedin.com\/company\/aqua3s\/\">linkedin.com\/company\/aqua3s<\/a><br \/>\n<strong>Twitter<\/strong> <a href=\"https:\/\/twitter.com\/aqua3seu\">twitter.com\/aqua3seu<\/a><br \/>\n<strong>Synergy group DigitalWater2020 <\/strong>\u00a0<a href=\"https:\/\/www.digital-water.city\/news\/synergy-group-digitalwater2020-launched\/\">digital-water.city\/news\/synergy-group-digitalwater2020<\/a><br \/>\n<strong>Articolo scientifico<\/strong> pubblicato dall'Autorit\u00e0 di Bacino e dal CERTH sull'Algoritmo di calcolo dinamico del rischio da immagini satellitari: <a href=\"https:\/\/www.mdpi.com\/2071-1050\/14\/6\/3251\">mdpi.com\/2071-1050\/14\/6\/3251<\/a>\n\t\t\t\t\n        <section class=\"mt-4 mb-3 image-content italiawp2-img alignnone\">\n            <figure class=\"m-0 p-3 u-background-grey-60\">\n                <img src=\"http:\/\/sigma.distrettoalpiorientali.it\/portal\/wp-content\/uploads\/2022\/08\/aqua_test_2.jpg\" class=\"u-sizeFull\" alt=\"\">\n                <figcaption>\n                    <p>aqua_test_2<\/p>\n                <\/figcaption>\n            <\/figure><\/section>\n\n","protected":false},"excerpt":{"rendered":"<p>aqua3s Enhancing Standardisation strategies to integrate innovative technologies for Safety and Security in existing water networks Il progetto, iniziato il 1 settembre 2019 e finanziato nell'ambito del Programma Quadro Europeo Horizon 2020 (Call: H2020-SU-SEC-2018, Topic SU-DRS03-2018-2019-2020 - Pre-normative research and demonstration for disaster-resilient societies), coinvolge importanti centri di ricerca, istituti internazionali, partner tecnologici e soggetti istituzionali\/privati competenti in materia di gestione delle risorse idriche, interessati a definire innovative strategie di standardizzazione per integrare nelle reti idriche esistenti tecnologie innovative che migliorino la \"water security\" della risorsa idrica.<\/p>\n","protected":false},"author":1,"featured_media":0,"parent":1393,"menu_order":0,"comment_status":"closed","ping_status":"closed","template":"template-page-builder-no-sidebar.php","meta":{"footnotes":""},"tags":[],"class_list":["post-1498","page","type-page","status-publish","hentry"],"_links":{"self":[{"href":"https:\/\/sigma.distrettoalpiorientali.it\/portal\/index.php\/wp-json\/wp\/v2\/pages\/1498","targetHints":{"allow":["GET"]}}],"collection":[{"href":"https:\/\/sigma.distrettoalpiorientali.it\/portal\/index.php\/wp-json\/wp\/v2\/pages"}],"about":[{"href":"https:\/\/sigma.distrettoalpiorientali.it\/portal\/index.php\/wp-json\/wp\/v2\/types\/page"}],"author":[{"embeddable":true,"href":"https:\/\/sigma.distrettoalpiorientali.it\/portal\/index.php\/wp-json\/wp\/v2\/users\/1"}],"replies":[{"embeddable":true,"href":"https:\/\/sigma.distrettoalpiorientali.it\/portal\/index.php\/wp-json\/wp\/v2\/comments?post=1498"}],"version-history":[{"count":1,"href":"https:\/\/sigma.distrettoalpiorientali.it\/portal\/index.php\/wp-json\/wp\/v2\/pages\/1498\/revisions"}],"predecessor-version":[{"id":1628,"href":"https:\/\/sigma.distrettoalpiorientali.it\/portal\/index.php\/wp-json\/wp\/v2\/pages\/1498\/revisions\/1628"}],"up":[{"embeddable":true,"href":"https:\/\/sigma.distrettoalpiorientali.it\/portal\/index.php\/wp-json\/wp\/v2\/pages\/1393"}],"wp:attachment":[{"href":"https:\/\/sigma.distrettoalpiorientali.it\/portal\/index.php\/wp-json\/wp\/v2\/media?parent=1498"}],"wp:term":[{"taxonomy":"post_tag","embeddable":true,"href":"https:\/\/sigma.distrettoalpiorientali.it\/portal\/index.php\/wp-json\/wp\/v2\/tags?post=1498"}],"curies":[{"name":"wp","href":"https:\/\/api.w.org\/{rel}","templated":true}]}}