{"id":1478,"date":"2022-08-26T11:11:55","date_gmt":"2022-08-26T09:11:55","guid":{"rendered":"https:\/\/sigma.distrettoalpiorientali.it\/portal\/?page_id=1478"},"modified":"2022-08-26T12:24:08","modified_gmt":"2022-08-26T10:24:08","slug":"wqems-2","status":"publish","type":"page","link":"https:\/\/sigma.distrettoalpiorientali.it\/portal\/index.php\/porta-tematici\/europrogettazione-2\/wqems-2\/","title":{"rendered":"WQeMS"},"content":{"rendered":"\n\n\t\t\t\t\n        <section class=\"mt-4 mb-3 image-content italiawp2-img alignnone\">\n            <figure class=\"m-0 p-3 u-background-grey-60\">\n                <img src=\"http:\/\/sigma.distrettoalpiorientali.it\/portal\/wp-content\/uploads\/2022\/03\/WQeMS.png\" class=\"u-sizeFull\" alt=\"\">\n                <figcaption>\n                    <p>WQeMS<\/p>\n                <\/figcaption>\n            <\/figure><\/section>\n\t<p><strong>Copernicus Assisted Lake Water Quality Emergency Monitoring Service<\/strong><\/p>\n\t<p><strong>WQeMS<\/strong> - \"Copernicus Assisted Lake Water Quality Emergency Monitoring Service\" \u00e8 un progetto avviato a Gennaio 2021 con lo scopo di creare un servizio di monitoraggio di emergenza della qualit\u00e0 dell'acqua di bacini lacustri per le utenze idriche, utilizzando i prodotti e i servizi Copernicus. In particolare, il monitoraggio si focalizza sui bacini idrici utilizzati per la distribuzione dell'acqua potabile.<\/p>\n<p>Al giorno d'oggi il monitoraggio della qualit\u00e0 dell'acqua avviene generalmente tramite sensori posizionati in punti chiave dei bacini idrici, che misurano diverse propriet\u00e0 fisico-chimiche dell'acqua (pH, conducibilit\u00e0, colore, ossigeno disciolto, torbidit\u00e0, ecc). I sensori, sebbene forniscano misurazioni molto precise, rilevano la qualit\u00e0 dell'acqua esclusivamente in punti molto specifici e limitati. Solo in rari casi vengono utilizzate le stime delle caratteristiche della qualit\u00e0 dell'acqua mediante osservazioni satellitari.<\/p>\n<p>Qui entra in gioco il servizio di monitoraggio di WQeMS, che vuole arricchire l'offerta di strumenti a supporto di servizi idrici, agenzie governative e locali, offrendo un monitoraggio a copertura estesa e frequente di bacini idrici superficiali utilizzati per la produzione di acqua potabile. Questo servizio consente di elaborare serie temporali specifiche del sito in analisi, per monitorarne i valori di qualit\u00e0 dell'acqua. I risultati possono essere riassunti in report mensili con specifiche definite sulla base di requisiti e necessit\u00e0 dell'utente.<\/p>\n<p>Nella fase sperimentale lo sviluppo dei servizi \u00e8 applicato a 5 casi studio:<\/p>\n\t\t\t\t\t\t                        <a href=\"https:\/\/wqems.eu\/pilot-areas\/giaretta\" target=\"_self\" title=\"Lago di Giaretta (Italia)\" rel=\"noopener\">\n\t\t\t\t\t\t\t\t\t\t\t\t\t\t                                \n        <section class=\"mt-4 mb-3 image-content italiawp2-img alignnone\">\n            <figure class=\"m-0 p-3 u-background-grey-60\">\n                <img src=\"http:\/\/sigma.distrettoalpiorientali.it\/portal\/wp-content\/uploads\/2022\/08\/giaretta.jpg\" class=\"u-sizeFull\" alt=\"\">\n                <figcaption>\n                    <p>giaretta<\/p>\n                <\/figcaption>\n            <\/figure><\/section>\n                                <h6>\n\t\t\t\t\t\t\t\t\tLago di Giaretta (Italia)\t\t                        <\/h6>\n\t\t\t\t\t\t\t\t\t\t                        <\/a>\n\t\t\t\t\t\t                        <a href=\"https:\/\/wqems.eu\/pilot-areas\/polyphytos\" target=\"_self\" title=\"Bacino Polyphytos (Grecia)\" rel=\"noopener\">\n\t\t\t\t\t\t\t\t\t\t\t\t\t\t                                \n        <section class=\"mt-4 mb-3 image-content italiawp2-img alignnone\">\n            <figure class=\"m-0 p-3 u-background-grey-60\">\n                <img src=\"http:\/\/sigma.distrettoalpiorientali.it\/portal\/wp-content\/uploads\/2022\/08\/Greece3.jpg\" class=\"u-sizeFull\" alt=\"\">\n                <figcaption>\n                    <p>Greece3<\/p>\n                <\/figcaption>\n            <\/figure><\/section>\n                                <h6>\n\t\t\t\t\t\t\t\t\tBacino Polyphytos (Grecia)\t\t                        <\/h6>\n\t\t\t\t\t\t\t\t\t\t                        <\/a>\n\t\t\t\t\t\t                        <a href=\"https:\/\/wqems.eu\/pilot-areas\/saxony\" target=\"_self\" title=\"Bacini in Sassonia (Germania)\" rel=\"noopener\">\n\t\t\t\t\t\t\t\t\t\t\t\t\t\t                                \n        <section class=\"mt-4 mb-3 image-content italiawp2-img alignnone\">\n            <figure class=\"m-0 p-3 u-background-grey-60\">\n                <img src=\"http:\/\/sigma.distrettoalpiorientali.it\/portal\/wp-content\/uploads\/2022\/08\/sa3-scaled.jpg\" class=\"u-sizeFull\" alt=\"\">\n                <figcaption>\n                    <p>sa3<\/p>\n                <\/figcaption>\n            <\/figure><\/section>\n                                <h6>\n\t\t\t\t\t\t\t\t\tBacini in Sassonia (Germania)\t\t                        <\/h6>\n\t\t\t\t\t\t\t\t\t\t                        <\/a>\n\t\t\t\t\t\t                        <a href=\"https:\/\/wqems.eu\/pilot-areas\/pien-saimaa\" target=\"_self\" title=\"Lago Pien-Saimaa (Finlandia)\" rel=\"noopener\">\n\t\t\t\t\t\t\t\t\t\t\t\t\t\t                                \n        <section class=\"mt-4 mb-3 image-content italiawp2-img alignnone\">\n            <figure class=\"m-0 p-3 u-background-grey-60\">\n                <img src=\"http:\/\/sigma.distrettoalpiorientali.it\/portal\/wp-content\/uploads\/2022\/08\/saima-scaled.jpg\" class=\"u-sizeFull\" alt=\"\">\n                <figcaption>\n                    <p>saima<\/p>\n                <\/figcaption>\n            <\/figure><\/section>\n                                <h6>\n\t\t\t\t\t\t\t\t\tLago Pien-Saimaa (Finlandia)\t\t                        <\/h6>\n\t\t\t\t\t\t\t\t\t\t                        <\/a>\n\t\t\t\t\t\t                        <a href=\"https:\/\/wqems.eu\/pilot-areas\/murcia\" target=\"_self\" title=\"Bacini idrici di Oj\u00f3s (Spagna)\" rel=\"noopener\">\n\t\t\t\t\t\t\t\t\t\t\t\t\t\t                                \n        <section class=\"mt-4 mb-3 image-content italiawp2-img alignnone\">\n            <figure class=\"m-0 p-3 u-background-grey-60\">\n                <img src=\"http:\/\/sigma.distrettoalpiorientali.it\/portal\/wp-content\/uploads\/2022\/08\/murcia-scaled.jpg\" class=\"u-sizeFull\" alt=\"\">\n                <figcaption>\n                    <p>murcia<\/p>\n                <\/figcaption>\n            <\/figure><\/section>\n                                <h6>\n\t\t\t\t\t\t\t\t\tBacini idrici di Oj\u00f3s (Spagna)\t\t                        <\/h6>\n\t\t\t\t\t\t\t\t\t\t                        <\/a>\n\t\t\t\t        <!--njba-logo-grid-carousel-wrapper-->\n    <!--njba-logo-grid-carousel-body-->\n<!--njba-logo-grid-carousel-main-->\n\t<p>I servizi principali implementati nell'ambito del progetto sono:<\/p>\n<ul>\n<li>la stima delle caratteristiche di qualit\u00e0 dell'acqua (come Clorofilla-a, torbidit\u00e0, temperatura, profondit\u00e0 di scomparsa del disco di Secchi, colorazione della materia organica disciolta);<\/li>\n<li>l'identificazione di fenomeni di fioritura algale (bloom event);<\/li>\n<li>l'identificazione di fenomeni estremi come alluvioni e fuoriuscite di idrocarburi (oil spill);<\/li>\n<li>il monitoraggio delle zone di transizione terra-acqua;<\/li>\n<li>l'allerta attraverso report e crowdsourcing;<\/li>\n<li>il potenziamento delle competenze degli utenti attraverso strumenti gestionali e relativa formazione.<\/li>\n<\/ul>\n<p>L'obiettivo del progetto \u00e8 integrare questi servizi nei DSS (Decision Support System) esistenti, grazie all'uso dei dati disponibili in Copernicus.<\/p>\n\t\t\t\t<a href=\"https:\/\/www.copernicus.eu\/it\" target=\"_self\" itemprop=\"url\" rel=\"noopener\">\n\t\t\t\t\n        <section class=\"mt-4 mb-3 image-content italiawp2-img alignnone\">\n            <figure class=\"m-0 p-3 u-background-grey-60\">\n                <img src=\"http:\/\/sigma.distrettoalpiorientali.it\/portal\/wp-content\/uploads\/2022\/08\/copernicus.png\" class=\"u-sizeFull\" alt=\"\">\n                <figcaption>\n                    <p>copernicus<\/p>\n                <\/figcaption>\n            <\/figure><\/section>\n\t\t\t\t<\/a>\n\t<p>WQeMS mira a rendere disponibili i servizi sviluppati nel programma europeo Copernicus, sfruttando le informazioni Sentinel (Sentinel-2 e Sentinel-1) collegate con le esistenti piattaforme tematiche (Thematic ExploitationPlatforms - TEPs), come l'Hydrology TEP per il monitoraggio degli eventi alluvionali ed il Food Security TEP per sostenere l'intensificazione sostenibile dell'agricoltura dallo spazio. In questo modo sar\u00e0 possibile ottenere un monitoraggio accurato e frequente della qualit\u00e0 dell'acqua e fornire allerte tempestive sul rischio di contaminazione, aiutando sia a mitigare l'impatto per preservare l'ambiente, sia la produzione di acqua potabile.<\/p>\n\t<p><strong>Partner di WQeMS<\/strong><\/p>\n\t<p>Nel progetto WQeMS sono presenti 12 partner:<\/p>\n<ul>\n<li><a href=\"http:\/\/www.alpiorientali.it\/\"><strong>Autorit\u00e0 di bacino Distrettuale Delle Alpi Orientali<\/strong><\/a>\u00a0(AAWA)<\/li>\n<li><strong><a href=\"https:\/\/www.certh.gr\/\">Centre for Research and Technology Hellas <\/a><\/strong>(CERTH)<\/li>\n<li><a href=\"http:\/\/www.cetaqua.com\/\"><strong>CETAQUA<\/strong><\/a> WATER TECHNOLOGY CENTRE<\/li>\n<li><a href=\"http:\/\/www.creaf.cat\/\"><strong>CREAF<\/strong><\/a><\/li>\n<li><a href=\"http:\/\/www.emuasa.es\/\"><strong>EMUASA<\/strong><\/a><\/li>\n<li><strong><a href=\"http:\/\/www.eng.it\/en\">ENG<\/a>\u00a0<\/strong><\/li>\n<li><strong><a href=\"https:\/\/www.eomap.com\/\">EOMAP<\/a>\u00a0<\/strong><\/li>\n<li><a href=\"http:\/\/www.eyath.gr\/\"><strong>EYATH<\/strong><\/a><\/li>\n<li><strong><a href=\"http:\/\/www.phoebeinnovations.com\/\">PHOEBE<\/a>\u00a0<\/strong><\/li>\n<li><strong><a href=\"http:\/\/www.serco.eu\/\">SERCO<\/a>\u00a0<\/strong><\/li>\n<li><strong><a href=\"https:\/\/www.syke.fi\/\">SYKE<\/a>\u00a0<\/strong><\/li>\n<li><a href=\"https:\/\/www.hidrogea.es\/\"><strong>HIDROGEA<\/strong><\/a><\/li>\n<\/ul>\n\t<p><strong>Risultati<\/strong><\/p>\n\t<p>WQeMS implementa servizi a supporto ed integrazione di DSS (Decision Support System) esistenti, fornendo un'ampia serie di parametri utili per la valutazione della qualit\u00e0 dell'acqua potabile, come richiesto dalle emergenti necessit\u00e0 del settore dei servizi idrici, per l'adempimento della Direttiva europea per l'acqua potabile e della Direttiva Quadro sulle Acque.<\/p>\n<p>Le azioni del progetto WQeMS sostengono infatti l'<strong>Agenda 2030<\/strong> per lo Sviluppo Sostenibile, l'<strong>Accordo di Parigi sul Clima<\/strong> e il <strong>Quadro di riferimento di Sendai<\/strong> per la riduzione del rischio di disastri (2015-2030).<\/p>\n\t\t\t\t\n        <section class=\"mt-4 mb-3 image-content italiawp2-img alignnone\">\n            <figure class=\"m-0 p-3 u-background-grey-60\">\n                <img src=\"http:\/\/sigma.distrettoalpiorientali.it\/portal\/wp-content\/uploads\/2022\/08\/WQeMS_fig2.png\" class=\"u-sizeFull\" alt=\"\">\n                <figcaption>\n                    <p>WQeMS_fig2<\/p>\n                <\/figcaption>\n            <\/figure><\/section>\n\t<p>Per ulteriori informazioni su WQeMS e per seguire gli svilluppi del progetto:<\/p>\n<p><strong>Sito ufficiale<\/strong> \u00a0<a href=\"https:\/\/wqems.eu\/\">wqems.eu<\/a><\/p>\n<p><strong>Twitter\u00a0 \u00a0 \u00a0 \u00a0 \u00a0\u00a0<\/strong> \u00a0<a href=\"https:\/\/twitter.com\/wqems_eu\">twitter.com\/wqems_eu<\/a><\/p>\n<p><strong>Facebook\u00a0 \u00a0 \u00a0\u00a0<\/strong> <a href=\"https:\/\/it-it.facebook.com\/wqems\/\">facebook.com\/wqems\/<\/a><\/p>\n<p>&nbsp;<\/p>\n\n","protected":false},"excerpt":{"rendered":"<p>WQeMS Copernicus Assisted Lake Water Quality Emergency Monitoring Service WQeMS - \"Copernicus Assisted Lake Water Quality Emergency Monitoring Service\" \u00e8 un progetto avviato a Gennaio 2021 con lo scopo di creare un servizio di monitoraggio di emergenza della qualit\u00e0 dell'acqua di bacini lacustri per le utenze idriche, utilizzando i prodotti e i servizi Copernicus.<\/p>\n","protected":false},"author":1,"featured_media":0,"parent":1393,"menu_order":0,"comment_status":"closed","ping_status":"closed","template":"template-page-builder-no-sidebar.php","meta":{"footnotes":""},"tags":[],"class_list":["post-1478","page","type-page","status-publish","hentry"],"_links":{"self":[{"href":"https:\/\/sigma.distrettoalpiorientali.it\/portal\/index.php\/wp-json\/wp\/v2\/pages\/1478","targetHints":{"allow":["GET"]}}],"collection":[{"href":"https:\/\/sigma.distrettoalpiorientali.it\/portal\/index.php\/wp-json\/wp\/v2\/pages"}],"about":[{"href":"https:\/\/sigma.distrettoalpiorientali.it\/portal\/index.php\/wp-json\/wp\/v2\/types\/page"}],"author":[{"embeddable":true,"href":"https:\/\/sigma.distrettoalpiorientali.it\/portal\/index.php\/wp-json\/wp\/v2\/users\/1"}],"replies":[{"embeddable":true,"href":"https:\/\/sigma.distrettoalpiorientali.it\/portal\/index.php\/wp-json\/wp\/v2\/comments?post=1478"}],"version-history":[{"count":0,"href":"https:\/\/sigma.distrettoalpiorientali.it\/portal\/index.php\/wp-json\/wp\/v2\/pages\/1478\/revisions"}],"up":[{"embeddable":true,"href":"https:\/\/sigma.distrettoalpiorientali.it\/portal\/index.php\/wp-json\/wp\/v2\/pages\/1393"}],"wp:attachment":[{"href":"https:\/\/sigma.distrettoalpiorientali.it\/portal\/index.php\/wp-json\/wp\/v2\/media?parent=1478"}],"wp:term":[{"taxonomy":"post_tag","embeddable":true,"href":"https:\/\/sigma.distrettoalpiorientali.it\/portal\/index.php\/wp-json\/wp\/v2\/tags?post=1478"}],"curies":[{"name":"wp","href":"https:\/\/api.w.org\/{rel}","templated":true}]}}