{"id":1393,"date":"2022-08-16T13:02:54","date_gmt":"2022-08-16T11:02:54","guid":{"rendered":"https:\/\/sigma.distrettoalpiorientali.it\/portal\/?page_id=1393"},"modified":"2022-12-22T12:35:54","modified_gmt":"2022-12-22T11:35:54","slug":"europrogettazione-2","status":"publish","type":"page","link":"https:\/\/sigma.distrettoalpiorientali.it\/portal\/index.php\/porta-tematici\/europrogettazione-2\/","title":{"rendered":"Europrogettazione"},"content":{"rendered":"\n\n\t\t\t\t<figure>\n\t\t\t\t\n        <section class=\"mt-4 mb-3 image-content italiawp2-img alignnone\">\n            <figure class=\"m-0 p-3 u-background-grey-60\">\n                <img src=\"https:\/\/sigma.distrettoalpiorientali.it\/portal\/wp-content\/uploads\/2022\/03\/ImmagineEURO.png\" class=\"u-sizeFull\" alt=\"\">\n                <figcaption>\n                    <p>Europrogettazione<\/p><p class=\"u-color-white\"><\/p>\n                <\/figcaption>\n            <\/figure><\/section>\n\t\t\t<figcaption>\n\t\t\t\t<h3>EUROPROGETTAZIONE<\/h3>\n\t\t\t<a target=\"_blank\" role=\"button\" rel=\"noopener\">\n\t\t<\/a>\n\t\t\t\t<\/figcaption>\n\t\t<\/figure>\n\t<p>In una <strong>dimensione Europea<\/strong>, l'Autorit\u00e0 di bacino distrettuale delle Alpi orientali \u00e8 impegnata in molteplici progetti di ricerca inerenti aspetti e questioni relative al tema del rischio alluvione, alla gestione delle emergenze, o pi\u00f9 in generale alla gestione integrata della risorsa idrica: tematiche rilevanti per l'Unione Europea o - pi\u00f9 in generale - per la comunit\u00e0 europea (<strong>ricerca applicata<\/strong> mirata). I progetti riuniscono professionalit\u00e0 di diverse nazioni ed ambiti, al fine di affrontare con un approccio interdisciplinare questioni la cui rilevanza e importanza trascendono i confini nazionali.<\/p>\n\t\t\t\t\t\t                        <a href=\"https:\/\/sigma.distrettoalpiorientali.it\/portal\/index.php\/porta-tematici\/europrogettazione-2\/xr4drama\/\" target=\"_self\" title=\"\" rel=\"noopener\">\n\t\t\t\t\t\t\t\t\t\t\t\t\t\t                                \n        <section class=\"mt-4 mb-3 image-content italiawp2-img alignnone\">\n            <figure class=\"m-0 p-3 u-background-grey-60\">\n                <img src=\"http:\/\/sigma.distrettoalpiorientali.it\/portal\/wp-content\/uploads\/2022\/12\/XR4DRAMA-Logo-Copia.png\" class=\"u-sizeFull\" alt=\"\">\n                <figcaption>\n                    <p>XR4DRAMA-Logo - Copia<\/p>\n                <\/figcaption>\n            <\/figure><\/section>\n\t\t\t\t\t\t\t\t\t\t\t\t\t\t\t\t\t\t\t                        <\/a>\n\t\t\t\t\t\t                        <a href=\"https:\/\/sigma.distrettoalpiorientali.it\/portal\/index.php\/porta-tematici\/europrogettazione-2\/rexus-2\/\" target=\"_self\" title=\"\" rel=\"noopener\">\n\t\t\t\t\t\t\t\t\t\t\t\t\t\t                                \n        <section class=\"mt-4 mb-3 image-content italiawp2-img alignnone\">\n            <figure class=\"m-0 p-3 u-background-grey-60\">\n                <img src=\"http:\/\/sigma.distrettoalpiorientali.it\/portal\/wp-content\/uploads\/2022\/03\/Rexus.png\" class=\"u-sizeFull\" alt=\"\">\n                <figcaption>\n                    <p>Rexus<\/p>\n                <\/figcaption>\n            <\/figure><\/section>\n\t\t\t\t\t\t\t\t\t\t\t\t\t\t\t\t\t\t\t                        <\/a>\n\t\t\t\t\t\t                        <a href=\"https:\/\/sigma.distrettoalpiorientali.it\/portal\/index.php\/porta-tematici\/europrogettazione-2\/wqems-2\/\" target=\"_self\" title=\"\" rel=\"noopener\">\n\t\t\t\t\t\t\t\t\t\t\t\t\t\t                                \n        <section class=\"mt-4 mb-3 image-content italiawp2-img alignnone\">\n            <figure class=\"m-0 p-3 u-background-grey-60\">\n                <img src=\"http:\/\/sigma.distrettoalpiorientali.it\/portal\/wp-content\/uploads\/2022\/12\/WQeMS-Copia.png\" class=\"u-sizeFull\" alt=\"\">\n                <figcaption>\n                    <p>WQeMS - Copia<\/p>\n                <\/figcaption>\n            <\/figure><\/section>\n\t\t\t\t\t\t\t\t\t\t\t\t\t\t\t\t\t\t\t                        <\/a>\n\t\t\t\t\t\t                        <a href=\"https:\/\/sigma.distrettoalpiorientali.it\/portal\/index.php\/porta-tematici\/europrogettazione-2\/aqua3s-2\/\" target=\"_self\" title=\"\" rel=\"noopener\">\n\t\t\t\t\t\t\t\t\t\t\t\t\t\t                                \n        <section class=\"mt-4 mb-3 image-content italiawp2-img alignnone\">\n            <figure class=\"m-0 p-3 u-background-grey-60\">\n                <img src=\"http:\/\/sigma.distrettoalpiorientali.it\/portal\/wp-content\/uploads\/2022\/08\/aqua3s.png\" class=\"u-sizeFull\" alt=\"\">\n                <figcaption>\n                    <p>aqua3s<\/p>\n                <\/figcaption>\n            <\/figure><\/section>\n\t\t\t\t\t\t\t\t\t\t\t\t\t\t\t\t\t\t\t                        <\/a>\n\t\t\t\t\t\t                        <a href=\"https:\/\/odysseus-h2020.eu\/\" target=\"_self\" title=\"\" rel=\"noopener\">\n\t\t\t\t\t\t\t\t\t\t\t\t\t\t                                \n        <section class=\"mt-4 mb-3 image-content italiawp2-img alignnone\">\n            <figure class=\"m-0 p-3 u-background-grey-60\">\n                <img src=\"http:\/\/sigma.distrettoalpiorientali.it\/portal\/wp-content\/uploads\/2022\/03\/odysseus.png\" class=\"u-sizeFull\" alt=\"\">\n                <figcaption>\n                    <p>odysseus<\/p>\n                <\/figcaption>\n            <\/figure><\/section>\n\t\t\t\t\t\t\t\t\t\t\t\t\t\t\t\t\t\t\t                        <\/a>\n\t\t\t\t\t\t                        <a href=\"https:\/\/sigma.distrettoalpiorientali.it\/portal\/index.php\/porta-tematici\/europrogettazione-2\/mics\/\" target=\"_self\" title=\"\" rel=\"noopener\">\n\t\t\t\t\t\t\t\t\t\t\t\t\t\t                                \n        <section class=\"mt-4 mb-3 image-content italiawp2-img alignnone\">\n            <figure class=\"m-0 p-3 u-background-grey-60\">\n                <img src=\"http:\/\/sigma.distrettoalpiorientali.it\/portal\/wp-content\/uploads\/2022\/03\/MICS.png\" class=\"u-sizeFull\" alt=\"\">\n                <figcaption>\n                    <p>MICS<\/p>\n                <\/figcaption>\n            <\/figure><\/section>\n\t\t\t\t\t\t\t\t\t\t\t\t\t\t\t\t\t\t\t                        <\/a>\n\t\t\t\t\t\t                        <a href=\"https:\/\/sigma.distrettoalpiorientali.it\/portal\/index.php\/porta-tematici\/europrogettazione-2\/visfrim\/\" target=\"_self\" title=\"\" rel=\"noopener\">\n\t\t\t\t\t\t\t\t\t\t\t\t\t\t                                \n        <section class=\"mt-4 mb-3 image-content italiawp2-img alignnone\">\n            <figure class=\"m-0 p-3 u-background-grey-60\">\n                <img src=\"http:\/\/sigma.distrettoalpiorientali.it\/portal\/wp-content\/uploads\/2022\/03\/VISFRIM.jpg\" class=\"u-sizeFull\" alt=\"\">\n                <figcaption>\n                    <p>VISFRIM<\/p>\n                <\/figcaption>\n            <\/figure><\/section>\n\t\t\t\t\t\t\t\t\t\t\t\t\t\t\t\t\t\t\t                        <\/a>\n\t\t\t\t\t\t                        <a href=\"https:\/\/sigma.distrettoalpiorientali.it\/portal\/index.php\/porta-tematici\/europrogettazione-2\/beaware\/\" target=\"_self\" title=\"\" rel=\"noopener\">\n\t\t\t\t\t\t\t\t\t\t\t\t\t\t                                \n        <section class=\"mt-4 mb-3 image-content italiawp2-img alignnone\">\n            <figure class=\"m-0 p-3 u-background-grey-60\">\n                <img src=\"http:\/\/sigma.distrettoalpiorientali.it\/portal\/wp-content\/uploads\/2022\/11\/ScreenHunter_1720-Nov.-18-14.09.jpg\" class=\"u-sizeFull\" alt=\"\">\n                <figcaption>\n                    <p>ScreenHunter_1720 Nov. 18 14.09<\/p>\n                <\/figcaption>\n            <\/figure><\/section>\n\t\t\t\t\t\t\t\t\t\t\t\t\t\t\t\t\t\t\t                        <\/a>\n\t\t\t\t\t\t                        <a href=\"https:\/\/sigma.distrettoalpiorientali.it\/portal\/index.php\/porta-tematici\/europrogettazione-2\/eopen-2\/\" target=\"_self\" title=\"\" rel=\"noopener\">\n\t\t\t\t\t\t\t\t\t\t\t\t\t\t                                \n        <section class=\"mt-4 mb-3 image-content italiawp2-img alignnone\">\n            <figure class=\"m-0 p-3 u-background-grey-60\">\n                <img src=\"http:\/\/sigma.distrettoalpiorientali.it\/portal\/wp-content\/uploads\/2022\/12\/Eopen-Copia.png\" class=\"u-sizeFull\" alt=\"\">\n                <figcaption>\n                    <p>Eopen - Copia<\/p>\n                <\/figcaption>\n            <\/figure><\/section>\n\t\t\t\t\t\t\t\t\t\t\t\t\t\t\t\t\t\t\t                        <\/a>\n\t\t\t\t        <!--njba-logo-grid-carousel-wrapper-->\n    <!--njba-logo-grid-carousel-body-->\n<!--njba-logo-grid-carousel-main-->\n\n","protected":false},"excerpt":{"rendered":"<p>Europrogettazione EUROPROGETTAZIONE In una dimensione Europea, l'Autorit\u00e0 di bacino distrettuale delle Alpi orientali \u00e8 impegnata in molteplici progetti di ricerca inerenti aspetti e questioni relative al tema del rischio alluvione, alla gestione delle emergenze, o pi\u00f9 in generale alla gestione integrata della risorsa idrica: tematiche rilevanti per l'Unione Europea o - pi\u00f9 in generale - per la comunit\u00e0 europea (ricerca applicata mirata).<\/p>\n","protected":false},"author":1,"featured_media":0,"parent":1352,"menu_order":0,"comment_status":"closed","ping_status":"closed","template":"template-page-builder-no-sidebar.php","meta":{"footnotes":""},"tags":[],"class_list":["post-1393","page","type-page","status-publish","hentry"],"_links":{"self":[{"href":"https:\/\/sigma.distrettoalpiorientali.it\/portal\/index.php\/wp-json\/wp\/v2\/pages\/1393","targetHints":{"allow":["GET"]}}],"collection":[{"href":"https:\/\/sigma.distrettoalpiorientali.it\/portal\/index.php\/wp-json\/wp\/v2\/pages"}],"about":[{"href":"https:\/\/sigma.distrettoalpiorientali.it\/portal\/index.php\/wp-json\/wp\/v2\/types\/page"}],"author":[{"embeddable":true,"href":"https:\/\/sigma.distrettoalpiorientali.it\/portal\/index.php\/wp-json\/wp\/v2\/users\/1"}],"replies":[{"embeddable":true,"href":"https:\/\/sigma.distrettoalpiorientali.it\/portal\/index.php\/wp-json\/wp\/v2\/comments?post=1393"}],"version-history":[{"count":9,"href":"https:\/\/sigma.distrettoalpiorientali.it\/portal\/index.php\/wp-json\/wp\/v2\/pages\/1393\/revisions"}],"predecessor-version":[{"id":1727,"href":"https:\/\/sigma.distrettoalpiorientali.it\/portal\/index.php\/wp-json\/wp\/v2\/pages\/1393\/revisions\/1727"}],"up":[{"embeddable":true,"href":"https:\/\/sigma.distrettoalpiorientali.it\/portal\/index.php\/wp-json\/wp\/v2\/pages\/1352"}],"wp:attachment":[{"href":"https:\/\/sigma.distrettoalpiorientali.it\/portal\/index.php\/wp-json\/wp\/v2\/media?parent=1393"}],"wp:term":[{"taxonomy":"post_tag","embeddable":true,"href":"https:\/\/sigma.distrettoalpiorientali.it\/portal\/index.php\/wp-json\/wp\/v2\/tags?post=1393"}],"curies":[{"name":"wp","href":"https:\/\/api.w.org\/{rel}","templated":true}]}}